{"id":2644,"date":"2022-12-09T10:08:40","date_gmt":"2022-12-09T10:08:40","guid":{"rendered":"https:\/\/scripor.com\/comunitatea-mea\/"},"modified":"2023-05-09T04:54:13","modified_gmt":"2023-05-09T04:54:13","slug":"comunitatea-mea","status":"publish","type":"page","link":"https:\/\/scripor.com\/ro\/comunitatea-mea\/","title":{"rendered":"Comunitatea mea"},"content":{"rendered":"\t\t<div data-elementor-type=\"wp-page\" data-elementor-id=\"2644\" class=\"elementor elementor-2644 elementor-1515\" data-elementor-post-type=\"page\">\n\t\t\t\t\t\t<section class=\"elementor-section elementor-top-section elementor-element elementor-element-fe81fce elementor-section-boxed elementor-section-height-default elementor-section-height-default\" data-id=\"fe81fce\" data-element_type=\"section\" data-e-type=\"section\" data-settings=\"{&quot;jet_parallax_layout_list&quot;:[]}\">\n\t\t\t\t\t\t<div class=\"elementor-container elementor-column-gap-default\">\n\t\t\t\t\t<div class=\"elementor-column elementor-col-50 elementor-top-column elementor-element elementor-element-9cffd14\" data-id=\"9cffd14\" data-element_type=\"column\" data-e-type=\"column\">\n\t\t\t<div class=\"elementor-widget-wrap elementor-element-populated\">\n\t\t\t\t\t\t<div class=\"elementor-element elementor-element-a21657f elementor-widget elementor-widget-heading\" data-id=\"a21657f\" data-element_type=\"widget\" data-e-type=\"widget\" data-widget_type=\"heading.default\">\n\t\t\t\t<div class=\"elementor-widget-container\">\n\t\t\t\t\t<h3 class=\"elementor-heading-title elementor-size-default\">Comunitatea mea<\/h3>\t\t\t\t<\/div>\n\t\t\t\t<\/div>\n\t\t\t\t<div class=\"elementor-element elementor-element-21c8cf3 elementor-widget elementor-widget-text-editor\" data-id=\"21c8cf3\" data-element_type=\"widget\" data-e-type=\"widget\" data-widget_type=\"text-editor.default\">\n\t\t\t\t<div class=\"elementor-widget-container\">\n\t\t\t\t\t\t\t\t\t<p>Nu suntem doar un ONG, suntem o comunitate global\u0103.<\/p>\n<p>\u00cen asocia\u021bia noastr\u0103, \u00eei \u00eent\u00e2mpin\u0103m pe orbi, daltonici \u0219i cu deficien\u021be de vedere din fiecare disciplin\u0103 \u0219i cultur\u0103, care caut\u0103 o \u00een\u021belegere mai profund\u0103 a lumii cu ajutorul \u0219i beneficiile oferite de alfabetul tactil al culorilor.<\/p>\n\t\t\t\t\t\t\t\t<\/div>\n\t\t\t\t<\/div>\n\t\t\t\t\t<\/div>\n\t\t<\/div>\n\t\t\t\t<div class=\"elementor-column elementor-col-50 elementor-top-column elementor-element elementor-element-ad947ec\" data-id=\"ad947ec\" data-element_type=\"column\" data-e-type=\"column\">\n\t\t\t<div class=\"elementor-widget-wrap elementor-element-populated\">\n\t\t\t\t\t\t<div class=\"elementor-element elementor-element-c020d90 elementor-widget elementor-widget-image\" data-id=\"c020d90\" data-element_type=\"widget\" data-e-type=\"widget\" data-widget_type=\"image.default\">\n\t\t\t\t<div class=\"elementor-widget-container\">\n\t\t\t\t\t\t\t\t\t\t\t\t\t\t\t<img fetchpriority=\"high\" decoding=\"async\" width=\"768\" height=\"1024\" src=\"https:\/\/scripor.com\/wp-content\/uploads\/2022\/09\/image6-768x1024.jpeg\" class=\"attachment-large size-large wp-image-1315\" alt=\"\" srcset=\"https:\/\/scripor.com\/wp-content\/uploads\/2022\/09\/image6-768x1024.jpeg 768w, https:\/\/scripor.com\/wp-content\/uploads\/2022\/09\/image6-225x300.jpeg 225w, https:\/\/scripor.com\/wp-content\/uploads\/2022\/09\/image6-1152x1536.jpeg 1152w, https:\/\/scripor.com\/wp-content\/uploads\/2022\/09\/image6.jpeg 1200w\" sizes=\"(max-width: 768px) 100vw, 768px\" \/>\t\t\t\t\t\t\t\t\t\t\t\t\t\t\t<\/div>\n\t\t\t\t<\/div>\n\t\t\t\t\t<\/div>\n\t\t<\/div>\n\t\t\t\t\t<\/div>\n\t\t<\/section>\n\t\t\t\t<section class=\"elementor-section elementor-top-section elementor-element elementor-element-ef9d3db elementor-section-boxed elementor-section-height-default elementor-section-height-default\" data-id=\"ef9d3db\" data-element_type=\"section\" data-e-type=\"section\" data-settings=\"{&quot;jet_parallax_layout_list&quot;:[],&quot;background_background&quot;:&quot;gradient&quot;}\">\n\t\t\t\t\t\t<div class=\"elementor-container elementor-column-gap-default\">\n\t\t\t\t\t<div class=\"elementor-column elementor-col-66 elementor-top-column elementor-element elementor-element-d2a8954\" data-id=\"d2a8954\" data-element_type=\"column\" data-e-type=\"column\">\n\t\t\t<div class=\"elementor-widget-wrap elementor-element-populated\">\n\t\t\t\t\t\t<div class=\"elementor-element elementor-element-f52f758 elementor-widget elementor-widget-text-editor\" data-id=\"f52f758\" data-element_type=\"widget\" data-e-type=\"widget\" data-widget_type=\"text-editor.default\">\n\t\t\t\t<div class=\"elementor-widget-container\">\n\t\t\t\t\t\t\t\t\t<p>Asocia\u021bia Scripor Alphabet este \u00een continu\u0103 cre\u0219tere \u0219i este format\u0103 din copii orbi, tineri \u0219i adul\u021bi, educatori, profesori de educa\u021bie special\u0103, psihopedagogi, medici, cercet\u0103tori, arhitec\u021bi, programatori IT, oameni de \u0219tiin\u021b\u0103, sportivi, dezvoltatori de afaceri, voluntari \u0219i multe altele.<\/p>\n\t\t\t\t\t\t\t\t<\/div>\n\t\t\t\t<\/div>\n\t\t\t\t\t<\/div>\n\t\t<\/div>\n\t\t\t\t<div class=\"elementor-column elementor-col-33 elementor-top-column elementor-element elementor-element-85a230d elementor-hidden-mobile\" data-id=\"85a230d\" data-element_type=\"column\" data-e-type=\"column\">\n\t\t\t<div class=\"elementor-widget-wrap\">\n\t\t\t\t\t\t\t<\/div>\n\t\t<\/div>\n\t\t\t\t\t<\/div>\n\t\t<\/section>\n\t\t\t\t<section class=\"elementor-section elementor-top-section elementor-element elementor-element-d921100 elementor-section-boxed elementor-section-height-default elementor-section-height-default\" data-id=\"d921100\" data-element_type=\"section\" data-e-type=\"section\" data-settings=\"{&quot;jet_parallax_layout_list&quot;:[],&quot;background_background&quot;:&quot;classic&quot;}\">\n\t\t\t\t\t\t<div class=\"elementor-container elementor-column-gap-default\">\n\t\t\t\t\t<div class=\"elementor-column elementor-col-50 elementor-top-column elementor-element elementor-element-b76009f\" data-id=\"b76009f\" data-element_type=\"column\" data-e-type=\"column\">\n\t\t\t<div class=\"elementor-widget-wrap elementor-element-populated\">\n\t\t\t\t\t\t<div class=\"elementor-element elementor-element-82bc0ff elementor-widget elementor-widget-image\" data-id=\"82bc0ff\" data-element_type=\"widget\" data-e-type=\"widget\" data-widget_type=\"image.default\">\n\t\t\t\t<div class=\"elementor-widget-container\">\n\t\t\t\t\t\t\t\t\t\t\t\t\t\t\t<img decoding=\"async\" width=\"800\" height=\"599\" src=\"https:\/\/scripor.com\/wp-content\/uploads\/2022\/09\/image2-e1662721237589.jpeg\" class=\"attachment-large size-large wp-image-1332\" alt=\"\" srcset=\"https:\/\/scripor.com\/wp-content\/uploads\/2022\/09\/image2-e1662721237589.jpeg 800w, https:\/\/scripor.com\/wp-content\/uploads\/2022\/09\/image2-e1662721237589-300x225.jpeg 300w, https:\/\/scripor.com\/wp-content\/uploads\/2022\/09\/image2-e1662721237589-768x575.jpeg 768w\" sizes=\"(max-width: 800px) 100vw, 800px\" \/>\t\t\t\t\t\t\t\t\t\t\t\t\t\t\t<\/div>\n\t\t\t\t<\/div>\n\t\t\t\t\t<\/div>\n\t\t<\/div>\n\t\t\t\t<div class=\"elementor-column elementor-col-50 elementor-top-column elementor-element elementor-element-c6b5b31 blur\" data-id=\"c6b5b31\" data-element_type=\"column\" data-e-type=\"column\">\n\t\t\t<div class=\"elementor-widget-wrap elementor-element-populated\">\n\t\t\t\t\t\t<div class=\"elementor-element elementor-element-884a730 elementor-widget elementor-widget-text-editor\" data-id=\"884a730\" data-element_type=\"widget\" data-e-type=\"widget\" data-widget_type=\"text-editor.default\">\n\t\t\t\t<div class=\"elementor-widget-container\">\n\t\t\t\t\t\t\t\t\t<p>Implicarea persoanelor cu dizabilit\u0103\u021bi vizuale \u00een dezvoltarea de noi produse \u0219i servicii este cea mai mare prioritate \u00een organiza\u021bia noastr\u0103. Credem cu adev\u0103rat \u00een motto-ul nostru \u201eNihil de Nobis, sine Nobis\u201d sau \u201eNimic despre noi f\u0103r\u0103 noi\u201d, care se bazeaz\u0103 pe acest principiu de participare.\u00a0\u00cel aplic\u0103m ad literam \u00een fiecare faz\u0103 a fiec\u0103rui proiect pe care \u00eel cre\u0103m. Angaja\u021bii \u0219i voluntarii no\u0219tri nev\u0103z\u0103tori sunt implica\u021bi 100% pornind de la identificarea nevoilor, dezvoltare, consultan\u021b\u0103, testare, promovare \u0219i v\u00e2nzare. Persoanele nev\u0103z\u0103toare sunt factori cheie de decizie \u00een dezvoltarea si implementarea solu\u021biilor pe care le oferim.<\/p>\n\t\t\t\t\t\t\t\t<\/div>\n\t\t\t\t<\/div>\n\t\t\t\t\t<\/div>\n\t\t<\/div>\n\t\t\t\t\t<\/div>\n\t\t<\/section>\n\t\t\t\t<section class=\"elementor-section elementor-top-section elementor-element elementor-element-c570d5a elementor-section-boxed elementor-section-height-default elementor-section-height-default\" data-id=\"c570d5a\" data-element_type=\"section\" data-e-type=\"section\" data-settings=\"{&quot;jet_parallax_layout_list&quot;:[],&quot;background_background&quot;:&quot;classic&quot;}\">\n\t\t\t\t\t\t<div class=\"elementor-container elementor-column-gap-default\">\n\t\t\t\t\t<div class=\"elementor-column elementor-col-66 elementor-top-column elementor-element elementor-element-b32ab45\" data-id=\"b32ab45\" data-element_type=\"column\" data-e-type=\"column\">\n\t\t\t<div class=\"elementor-widget-wrap elementor-element-populated\">\n\t\t\t\t\t\t<div class=\"elementor-element elementor-element-9d7bd93 elementor-widget elementor-widget-heading\" data-id=\"9d7bd93\" data-element_type=\"widget\" data-e-type=\"widget\" data-widget_type=\"heading.default\">\n\t\t\t\t<div class=\"elementor-widget-container\">\n\t\t\t\t\t<h3 class=\"elementor-heading-title elementor-size-default\">Credem cu pasiune \u00een puterea educa\u021biei de a schimba atitudinile, vie\u021bile \u0219i, \u00een cele din urm\u0103, lumea.<\/h3>\t\t\t\t<\/div>\n\t\t\t\t<\/div>\n\t\t\t\t<div class=\"elementor-element elementor-element-1684363 elementor-align-left elementor-mobile-align-center elementor-widget elementor-widget-button\" data-id=\"1684363\" data-element_type=\"widget\" data-e-type=\"widget\" data-widget_type=\"button.default\">\n\t\t\t\t<div class=\"elementor-widget-container\">\n\t\t\t\t\t\t\t\t\t<div class=\"elementor-button-wrapper\">\n\t\t\t\t\t<a class=\"elementor-button elementor-button-link elementor-size-md\" href=\"https:\/\/scripor.com\/ro\/contact\/\">\n\t\t\t\t\t\t<span class=\"elementor-button-content-wrapper\">\n\t\t\t\t\t\t\t\t\t<span class=\"elementor-button-text\">AL\u0102TUR\u0102 TE! <\/span>\n\t\t\t\t\t<\/span>\n\t\t\t\t\t<\/a>\n\t\t\t\t<\/div>\n\t\t\t\t\t\t\t\t<\/div>\n\t\t\t\t<\/div>\n\t\t\t\t\t<\/div>\n\t\t<\/div>\n\t\t\t\t<div class=\"elementor-column elementor-col-33 elementor-top-column elementor-element elementor-element-81c8b32 elementor-hidden-mobile\" data-id=\"81c8b32\" data-element_type=\"column\" data-e-type=\"column\">\n\t\t\t<div class=\"elementor-widget-wrap\">\n\t\t\t\t\t\t\t<\/div>\n\t\t<\/div>\n\t\t\t\t\t<\/div>\n\t\t<\/section>\n\t\t\t\t<section class=\"elementor-section elementor-top-section elementor-element elementor-element-cfbfd2f elementor-section-boxed elementor-section-height-default elementor-section-height-default\" data-id=\"cfbfd2f\" data-element_type=\"section\" data-e-type=\"section\" data-settings=\"{&quot;jet_parallax_layout_list&quot;:[],&quot;background_background&quot;:&quot;classic&quot;}\">\n\t\t\t\t\t\t<div class=\"elementor-container elementor-column-gap-default\">\n\t\t\t\t\t<div class=\"elementor-column elementor-col-50 elementor-top-column elementor-element elementor-element-081c162\" data-id=\"081c162\" data-element_type=\"column\" data-e-type=\"column\">\n\t\t\t<div class=\"elementor-widget-wrap elementor-element-populated\">\n\t\t\t\t\t\t<div class=\"elementor-element elementor-element-e359da4 elementor-widget elementor-widget-image\" data-id=\"e359da4\" data-element_type=\"widget\" data-e-type=\"widget\" data-widget_type=\"image.default\">\n\t\t\t\t<div class=\"elementor-widget-container\">\n\t\t\t\t\t\t\t\t\t\t\t\t\t\t\t<img decoding=\"async\" width=\"576\" height=\"1024\" src=\"https:\/\/scripor.com\/wp-content\/uploads\/2022\/09\/image3-576x1024.jpeg\" class=\"attachment-large size-large wp-image-1318\" alt=\"\" srcset=\"https:\/\/scripor.com\/wp-content\/uploads\/2022\/09\/image3-576x1024.jpeg 576w, https:\/\/scripor.com\/wp-content\/uploads\/2022\/09\/image3-169x300.jpeg 169w, https:\/\/scripor.com\/wp-content\/uploads\/2022\/09\/image3.jpeg 720w\" sizes=\"(max-width: 576px) 100vw, 576px\" \/>\t\t\t\t\t\t\t\t\t\t\t\t\t\t\t<\/div>\n\t\t\t\t<\/div>\n\t\t\t\t\t<\/div>\n\t\t<\/div>\n\t\t\t\t<div class=\"elementor-column elementor-col-50 elementor-top-column elementor-element elementor-element-540c277\" data-id=\"540c277\" data-element_type=\"column\" data-e-type=\"column\">\n\t\t\t<div class=\"elementor-widget-wrap elementor-element-populated\">\n\t\t\t\t\t\t<div class=\"elementor-element elementor-element-7447e38 elementor-widget elementor-widget-text-editor\" data-id=\"7447e38\" data-element_type=\"widget\" data-e-type=\"widget\" data-widget_type=\"text-editor.default\">\n\t\t\t\t<div class=\"elementor-widget-container\">\n\t\t\t\t\t\t\t\t\t<p>De fapt, tot ceea ce facem \u2013 de la cele 10 puncte mici tactile p\u00e2n\u0103 la alfabetizarea generat\u0103 de platforma eLearning, de la comunitatea noastr\u0103 p\u00e2n\u0103 la comunitatea global\u0103 a persoanelor nev\u0103z\u0103toare, daltoniste \u0219i cu deficien\u021be de vedere \u2013 suntem condu\u0219i de urm\u0103torul obiectiv: s\u0103 facilit\u0103m identificarea culorilor pentru persoanele cu deficien\u021be de vedere, contribuind \u00een acela\u0219i timp cu fermitate la bun\u0103starea, integrarea social\u0103, profesional\u0103 \u0219i cultural\u0103 a acestora.<\/p>\n\t\t\t\t\t\t\t\t<\/div>\n\t\t\t\t<\/div>\n\t\t\t\t<div class=\"elementor-element elementor-element-8d8bf55 elementor-widget elementor-widget-button\" data-id=\"8d8bf55\" data-element_type=\"widget\" data-e-type=\"widget\" data-widget_type=\"button.default\">\n\t\t\t\t<div class=\"elementor-widget-container\">\n\t\t\t\t\t\t\t\t\t<div class=\"elementor-button-wrapper\">\n\t\t\t\t\t<a class=\"elementor-button elementor-button-link elementor-size-sm\" href=\"https:\/\/scripor.com\/ro\/support-my-project\/\">\n\t\t\t\t\t\t<span class=\"elementor-button-content-wrapper\">\n\t\t\t\t\t\t\t\t\t<span class=\"elementor-button-text\">Contribuie<\/span>\n\t\t\t\t\t<\/span>\n\t\t\t\t\t<\/a>\n\t\t\t\t<\/div>\n\t\t\t\t\t\t\t\t<\/div>\n\t\t\t\t<\/div>\n\t\t\t\t\t<\/div>\n\t\t<\/div>\n\t\t\t\t\t<\/div>\n\t\t<\/section>\n\t\t\t\t<\/div>\n\t\t","protected":false},"excerpt":{"rendered":"<p>Comunitatea mea Nu suntem doar un ONG, suntem o comunitate global\u0103. \u00cen asocia\u021bia noastr\u0103, \u00eei \u00eent\u00e2mpin\u0103m pe orbi, daltonici \u0219i cu deficien\u021be de vedere din fiecare disciplin\u0103 \u0219i cultur\u0103, care caut\u0103 o \u00een\u021belegere mai profund\u0103 a lumii cu ajutorul \u0219i beneficiile oferite de alfabetul tactil al culorilor. Asocia\u021bia Scripor Alphabet este \u00een continu\u0103 cre\u0219tere \u0219i [&hellip;]<\/p>\n","protected":false},"author":1,"featured_media":1825,"parent":0,"menu_order":0,"comment_status":"closed","ping_status":"closed","template":"","meta":{"footnotes":""},"class_list":["post-2644","page","type-page","status-publish","has-post-thumbnail","hentry"],"yoast_head":"<!-- This site is optimized with the Yoast SEO plugin v27.4 - https:\/\/yoast.com\/product\/yoast-seo-wordpress\/ -->\n<title>Comunitatea mea - Scripor<\/title>\n<meta name=\"robots\" content=\"index, follow, max-snippet:-1, max-image-preview:large, max-video-preview:-1\" \/>\n<link rel=\"canonical\" href=\"https:\/\/scripor.com\/ro\/comunitatea-mea\/\" \/>\n<meta property=\"og:locale\" content=\"ro_RO\" \/>\n<meta property=\"og:type\" content=\"article\" \/>\n<meta property=\"og:title\" content=\"Comunitatea mea - Scripor\" \/>\n<meta property=\"og:description\" content=\"Comunitatea mea Nu suntem doar un ONG, suntem o comunitate global\u0103. \u00cen asocia\u021bia noastr\u0103, \u00eei \u00eent\u00e2mpin\u0103m pe orbi, daltonici \u0219i cu deficien\u021be de vedere din fiecare disciplin\u0103 \u0219i cultur\u0103, care caut\u0103 o \u00een\u021belegere mai profund\u0103 a lumii cu ajutorul \u0219i beneficiile oferite de alfabetul tactil al culorilor. Asocia\u021bia Scripor Alphabet este \u00een continu\u0103 cre\u0219tere \u0219i [&hellip;]\" \/>\n<meta property=\"og:url\" content=\"https:\/\/scripor.com\/ro\/comunitatea-mea\/\" \/>\n<meta property=\"og:site_name\" content=\"Scripor\" \/>\n<meta property=\"article:publisher\" content=\"https:\/\/www.facebook.com\/ScriporAlphabet\" \/>\n<meta property=\"article:modified_time\" content=\"2023-05-09T04:54:13+00:00\" \/>\n<meta property=\"og:image\" content=\"https:\/\/scripor.com\/wp-content\/uploads\/2022\/12\/colorful-button-black-background-scaled.jpg\" \/>\n\t<meta property=\"og:image:width\" content=\"2560\" \/>\n\t<meta property=\"og:image:height\" content=\"1707\" \/>\n\t<meta property=\"og:image:type\" content=\"image\/jpeg\" \/>\n<meta name=\"twitter:card\" content=\"summary_large_image\" \/>\n<meta name=\"twitter:label1\" content=\"Timp estimat pentru citire\" \/>\n\t<meta name=\"twitter:data1\" content=\"2 minute\" \/>\n<script type=\"application\/ld+json\" class=\"yoast-schema-graph\">{\"@context\":\"https:\\\/\\\/schema.org\",\"@graph\":[{\"@type\":\"WebPage\",\"@id\":\"https:\\\/\\\/scripor.com\\\/ro\\\/comunitatea-mea\\\/\",\"url\":\"https:\\\/\\\/scripor.com\\\/ro\\\/comunitatea-mea\\\/\",\"name\":\"Comunitatea mea - Scripor\",\"isPartOf\":{\"@id\":\"https:\\\/\\\/scripor.com\\\/ro\\\/#website\"},\"primaryImageOfPage\":{\"@id\":\"https:\\\/\\\/scripor.com\\\/ro\\\/comunitatea-mea\\\/#primaryimage\"},\"image\":{\"@id\":\"https:\\\/\\\/scripor.com\\\/ro\\\/comunitatea-mea\\\/#primaryimage\"},\"thumbnailUrl\":\"https:\\\/\\\/scripor.com\\\/wp-content\\\/uploads\\\/2022\\\/12\\\/colorful-button-black-background-scaled.jpg\",\"datePublished\":\"2022-12-09T10:08:40+00:00\",\"dateModified\":\"2023-05-09T04:54:13+00:00\",\"breadcrumb\":{\"@id\":\"https:\\\/\\\/scripor.com\\\/ro\\\/comunitatea-mea\\\/#breadcrumb\"},\"inLanguage\":\"ro-RO\",\"potentialAction\":[{\"@type\":\"ReadAction\",\"target\":[\"https:\\\/\\\/scripor.com\\\/ro\\\/comunitatea-mea\\\/\"]}]},{\"@type\":\"ImageObject\",\"inLanguage\":\"ro-RO\",\"@id\":\"https:\\\/\\\/scripor.com\\\/ro\\\/comunitatea-mea\\\/#primaryimage\",\"url\":\"https:\\\/\\\/scripor.com\\\/wp-content\\\/uploads\\\/2022\\\/12\\\/colorful-button-black-background-scaled.jpg\",\"contentUrl\":\"https:\\\/\\\/scripor.com\\\/wp-content\\\/uploads\\\/2022\\\/12\\\/colorful-button-black-background-scaled.jpg\",\"width\":2560,\"height\":1707,\"caption\":\"Colorful button on black background\"},{\"@type\":\"BreadcrumbList\",\"@id\":\"https:\\\/\\\/scripor.com\\\/ro\\\/comunitatea-mea\\\/#breadcrumb\",\"itemListElement\":[{\"@type\":\"ListItem\",\"position\":1,\"name\":\"Home\",\"item\":\"https:\\\/\\\/scripor.com\\\/ro\\\/\"},{\"@type\":\"ListItem\",\"position\":2,\"name\":\"Comunitatea mea\"}]},{\"@type\":\"WebSite\",\"@id\":\"https:\\\/\\\/scripor.com\\\/ro\\\/#website\",\"url\":\"https:\\\/\\\/scripor.com\\\/ro\\\/\",\"name\":\"Scripor\",\"description\":\"Colors for everyone\",\"publisher\":{\"@id\":\"https:\\\/\\\/scripor.com\\\/ro\\\/#organization\"},\"potentialAction\":[{\"@type\":\"SearchAction\",\"target\":{\"@type\":\"EntryPoint\",\"urlTemplate\":\"https:\\\/\\\/scripor.com\\\/ro\\\/?s={search_term_string}\"},\"query-input\":{\"@type\":\"PropertyValueSpecification\",\"valueRequired\":true,\"valueName\":\"search_term_string\"}}],\"inLanguage\":\"ro-RO\"},{\"@type\":\"Organization\",\"@id\":\"https:\\\/\\\/scripor.com\\\/ro\\\/#organization\",\"name\":\"Scripor\",\"url\":\"https:\\\/\\\/scripor.com\\\/ro\\\/\",\"logo\":{\"@type\":\"ImageObject\",\"inLanguage\":\"ro-RO\",\"@id\":\"https:\\\/\\\/scripor.com\\\/ro\\\/#\\\/schema\\\/logo\\\/image\\\/\",\"url\":\"https:\\\/\\\/scripor.com\\\/wp-content\\\/uploads\\\/2022\\\/03\\\/scripor.png\",\"contentUrl\":\"https:\\\/\\\/scripor.com\\\/wp-content\\\/uploads\\\/2022\\\/03\\\/scripor.png\",\"width\":1992,\"height\":2836,\"caption\":\"Scripor\"},\"image\":{\"@id\":\"https:\\\/\\\/scripor.com\\\/ro\\\/#\\\/schema\\\/logo\\\/image\\\/\"},\"sameAs\":[\"https:\\\/\\\/www.facebook.com\\\/ScriporAlphabet\"]}]}<\/script>\n<!-- \/ Yoast SEO plugin. -->","yoast_head_json":{"title":"Comunitatea mea - Scripor","robots":{"index":"index","follow":"follow","max-snippet":"max-snippet:-1","max-image-preview":"max-image-preview:large","max-video-preview":"max-video-preview:-1"},"canonical":"https:\/\/scripor.com\/ro\/comunitatea-mea\/","og_locale":"ro_RO","og_type":"article","og_title":"Comunitatea mea - Scripor","og_description":"Comunitatea mea Nu suntem doar un ONG, suntem o comunitate global\u0103. \u00cen asocia\u021bia noastr\u0103, \u00eei \u00eent\u00e2mpin\u0103m pe orbi, daltonici \u0219i cu deficien\u021be de vedere din fiecare disciplin\u0103 \u0219i cultur\u0103, care caut\u0103 o \u00een\u021belegere mai profund\u0103 a lumii cu ajutorul \u0219i beneficiile oferite de alfabetul tactil al culorilor. Asocia\u021bia Scripor Alphabet este \u00een continu\u0103 cre\u0219tere \u0219i [&hellip;]","og_url":"https:\/\/scripor.com\/ro\/comunitatea-mea\/","og_site_name":"Scripor","article_publisher":"https:\/\/www.facebook.com\/ScriporAlphabet","article_modified_time":"2023-05-09T04:54:13+00:00","og_image":[{"width":2560,"height":1707,"url":"https:\/\/scripor.com\/wp-content\/uploads\/2022\/12\/colorful-button-black-background-scaled.jpg","type":"image\/jpeg"}],"twitter_card":"summary_large_image","twitter_misc":{"Timp estimat pentru citire":"2 minute"},"schema":{"@context":"https:\/\/schema.org","@graph":[{"@type":"WebPage","@id":"https:\/\/scripor.com\/ro\/comunitatea-mea\/","url":"https:\/\/scripor.com\/ro\/comunitatea-mea\/","name":"Comunitatea mea - Scripor","isPartOf":{"@id":"https:\/\/scripor.com\/ro\/#website"},"primaryImageOfPage":{"@id":"https:\/\/scripor.com\/ro\/comunitatea-mea\/#primaryimage"},"image":{"@id":"https:\/\/scripor.com\/ro\/comunitatea-mea\/#primaryimage"},"thumbnailUrl":"https:\/\/scripor.com\/wp-content\/uploads\/2022\/12\/colorful-button-black-background-scaled.jpg","datePublished":"2022-12-09T10:08:40+00:00","dateModified":"2023-05-09T04:54:13+00:00","breadcrumb":{"@id":"https:\/\/scripor.com\/ro\/comunitatea-mea\/#breadcrumb"},"inLanguage":"ro-RO","potentialAction":[{"@type":"ReadAction","target":["https:\/\/scripor.com\/ro\/comunitatea-mea\/"]}]},{"@type":"ImageObject","inLanguage":"ro-RO","@id":"https:\/\/scripor.com\/ro\/comunitatea-mea\/#primaryimage","url":"https:\/\/scripor.com\/wp-content\/uploads\/2022\/12\/colorful-button-black-background-scaled.jpg","contentUrl":"https:\/\/scripor.com\/wp-content\/uploads\/2022\/12\/colorful-button-black-background-scaled.jpg","width":2560,"height":1707,"caption":"Colorful button on black background"},{"@type":"BreadcrumbList","@id":"https:\/\/scripor.com\/ro\/comunitatea-mea\/#breadcrumb","itemListElement":[{"@type":"ListItem","position":1,"name":"Home","item":"https:\/\/scripor.com\/ro\/"},{"@type":"ListItem","position":2,"name":"Comunitatea mea"}]},{"@type":"WebSite","@id":"https:\/\/scripor.com\/ro\/#website","url":"https:\/\/scripor.com\/ro\/","name":"Scripor","description":"Colors for everyone","publisher":{"@id":"https:\/\/scripor.com\/ro\/#organization"},"potentialAction":[{"@type":"SearchAction","target":{"@type":"EntryPoint","urlTemplate":"https:\/\/scripor.com\/ro\/?s={search_term_string}"},"query-input":{"@type":"PropertyValueSpecification","valueRequired":true,"valueName":"search_term_string"}}],"inLanguage":"ro-RO"},{"@type":"Organization","@id":"https:\/\/scripor.com\/ro\/#organization","name":"Scripor","url":"https:\/\/scripor.com\/ro\/","logo":{"@type":"ImageObject","inLanguage":"ro-RO","@id":"https:\/\/scripor.com\/ro\/#\/schema\/logo\/image\/","url":"https:\/\/scripor.com\/wp-content\/uploads\/2022\/03\/scripor.png","contentUrl":"https:\/\/scripor.com\/wp-content\/uploads\/2022\/03\/scripor.png","width":1992,"height":2836,"caption":"Scripor"},"image":{"@id":"https:\/\/scripor.com\/ro\/#\/schema\/logo\/image\/"},"sameAs":["https:\/\/www.facebook.com\/ScriporAlphabet"]}]}},"_links":{"self":[{"href":"https:\/\/scripor.com\/ro\/wp-json\/wp\/v2\/pages\/2644","targetHints":{"allow":["GET"]}}],"collection":[{"href":"https:\/\/scripor.com\/ro\/wp-json\/wp\/v2\/pages"}],"about":[{"href":"https:\/\/scripor.com\/ro\/wp-json\/wp\/v2\/types\/page"}],"author":[{"embeddable":true,"href":"https:\/\/scripor.com\/ro\/wp-json\/wp\/v2\/users\/1"}],"replies":[{"embeddable":true,"href":"https:\/\/scripor.com\/ro\/wp-json\/wp\/v2\/comments?post=2644"}],"version-history":[{"count":3,"href":"https:\/\/scripor.com\/ro\/wp-json\/wp\/v2\/pages\/2644\/revisions"}],"predecessor-version":[{"id":2675,"href":"https:\/\/scripor.com\/ro\/wp-json\/wp\/v2\/pages\/2644\/revisions\/2675"}],"wp:featuredmedia":[{"embeddable":true,"href":"https:\/\/scripor.com\/ro\/wp-json\/wp\/v2\/media\/1825"}],"wp:attachment":[{"href":"https:\/\/scripor.com\/ro\/wp-json\/wp\/v2\/media?parent=2644"}],"curies":[{"name":"wp","href":"https:\/\/api.w.org\/{rel}","templated":true}]}}