{"id":2664,"date":"2022-12-09T10:07:40","date_gmt":"2022-12-09T10:07:40","guid":{"rendered":"https:\/\/scripor.com\/the-scripor-alphabet\/impact\/"},"modified":"2023-05-09T04:46:44","modified_gmt":"2023-05-09T04:46:44","slug":"impact","status":"publish","type":"page","link":"https:\/\/scripor.com\/ro\/the-scripor-alphabet\/impact\/","title":{"rendered":"Impact"},"content":{"rendered":"\t\t<div data-elementor-type=\"wp-page\" data-elementor-id=\"2664\" class=\"elementor elementor-2664 elementor-1511\" data-elementor-post-type=\"page\">\n\t\t\t\t\t\t<section class=\"elementor-section elementor-top-section elementor-element elementor-element-80db9da elementor-section-boxed elementor-section-height-default elementor-section-height-default\" data-id=\"80db9da\" data-element_type=\"section\" data-e-type=\"section\" data-settings=\"{&quot;jet_parallax_layout_list&quot;:[],&quot;background_background&quot;:&quot;classic&quot;}\">\n\t\t\t\t\t\t<div class=\"elementor-container elementor-column-gap-default\">\n\t\t\t\t\t<div class=\"elementor-column elementor-col-50 elementor-top-column elementor-element elementor-element-af2650f\" data-id=\"af2650f\" data-element_type=\"column\" data-e-type=\"column\">\n\t\t\t<div class=\"elementor-widget-wrap elementor-element-populated\">\n\t\t\t\t\t\t<div class=\"elementor-element elementor-element-1032342 elementor-widget elementor-widget-heading\" data-id=\"1032342\" data-element_type=\"widget\" data-e-type=\"widget\" data-widget_type=\"heading.default\">\n\t\t\t\t<div class=\"elementor-widget-container\">\n\t\t\t\t\t<h3 class=\"elementor-heading-title elementor-size-default\">Deficien\u021ba vederii reprezint\u0103 o povar\u0103 financiar\u0103 global\u0103 enorm\u0103.<\/h3>\t\t\t\t<\/div>\n\t\t\t\t<\/div>\n\t\t\t\t\t<\/div>\n\t\t<\/div>\n\t\t\t\t<div class=\"elementor-column elementor-col-50 elementor-top-column elementor-element elementor-element-8ccb9ec\" data-id=\"8ccb9ec\" data-element_type=\"column\" data-e-type=\"column\">\n\t\t\t<div class=\"elementor-widget-wrap elementor-element-populated\">\n\t\t\t\t\t\t<div class=\"elementor-element elementor-element-39532f5 elementor-widget elementor-widget-heading\" data-id=\"39532f5\" data-element_type=\"widget\" data-e-type=\"widget\" data-widget_type=\"heading.default\">\n\t\t\t\t<div class=\"elementor-widget-container\">\n\t\t\t\t\t<h2 class=\"elementor-heading-title elementor-size-default\">Costurile globale anuale ale pierderilor de productivitate asociate cu deficien\u021ba vederii din cauza miopiei necorectate \u0219i a prezbiopiei sunt estimate la aproximativ 300 miliarde de USD.<\/h2>\t\t\t\t<\/div>\n\t\t\t\t<\/div>\n\t\t\t\t\t<\/div>\n\t\t<\/div>\n\t\t\t\t\t<\/div>\n\t\t<\/section>\n\t\t\t\t<section class=\"elementor-section elementor-top-section elementor-element elementor-element-f3cfe76 elementor-section-boxed elementor-section-height-default elementor-section-height-default\" data-id=\"f3cfe76\" data-element_type=\"section\" data-e-type=\"section\" data-settings=\"{&quot;jet_parallax_layout_list&quot;:[]}\">\n\t\t\t\t\t\t<div class=\"elementor-container elementor-column-gap-default\">\n\t\t\t\t\t<div class=\"elementor-column elementor-col-100 elementor-top-column elementor-element elementor-element-e15ebe0\" data-id=\"e15ebe0\" data-element_type=\"column\" data-e-type=\"column\">\n\t\t\t<div class=\"elementor-widget-wrap elementor-element-populated\">\n\t\t\t\t\t\t<div class=\"elementor-element elementor-element-49e0019 elementor-widget elementor-widget-heading\" data-id=\"49e0019\" data-element_type=\"widget\" data-e-type=\"widget\" data-widget_type=\"heading.default\">\n\t\t\t\t<div class=\"elementor-widget-container\">\n\t\t\t\t\t<h3 class=\"elementor-heading-title elementor-size-default\">Legile privind accesibilizarea produselor \u0219i serviciilor<\/h3>\t\t\t\t<\/div>\n\t\t\t\t<\/div>\n\t\t\t\t<div class=\"elementor-element elementor-element-26867fd elementor-widget elementor-widget-heading\" data-id=\"26867fd\" data-element_type=\"widget\" data-e-type=\"widget\" data-widget_type=\"heading.default\">\n\t\t\t\t<div class=\"elementor-widget-container\">\n\t\t\t\t\t<h4 class=\"elementor-heading-title elementor-size-default\">Contextul legal european \u0219i na\u021bional<\/h4>\t\t\t\t<\/div>\n\t\t\t\t<\/div>\n\t\t\t\t\t<\/div>\n\t\t<\/div>\n\t\t\t\t\t<\/div>\n\t\t<\/section>\n\t\t\t\t<section class=\"elementor-section elementor-top-section elementor-element elementor-element-f4f11ab elementor-section-boxed elementor-section-height-default elementor-section-height-default\" data-id=\"f4f11ab\" data-element_type=\"section\" data-e-type=\"section\" data-settings=\"{&quot;jet_parallax_layout_list&quot;:[]}\">\n\t\t\t\t\t\t<div class=\"elementor-container elementor-column-gap-default\">\n\t\t\t\t\t<div class=\"elementor-column elementor-col-100 elementor-top-column elementor-element elementor-element-8e058e7\" data-id=\"8e058e7\" data-element_type=\"column\" data-e-type=\"column\">\n\t\t\t<div class=\"elementor-widget-wrap elementor-element-populated\">\n\t\t\t\t\t\t<div class=\"elementor-element elementor-element-a58b335 elementor-widget elementor-widget-text-editor\" data-id=\"a58b335\" data-element_type=\"widget\" data-e-type=\"widget\" data-widget_type=\"text-editor.default\">\n\t\t\t\t<div class=\"elementor-widget-container\">\n\t\t\t\t\t\t\t\t\t<p>Prin legea nr. 232\/2022, Guvernul Romaniei a aprobat transpunerea \u00een legisla\u021bia intern\u0103 a cerin\u021belor europene de accesibilitate aplicabile produselor \u0219i serviciilor, prevazute in directiva nr 882\/2019 a Parlamentului European si a Consiliului Uniunii Europene.<\/p>\n<p>\u00cen primavara anului 2022, H.G nr. 490 pentru aprobarea Strategiei na\u021bionale privind drepturile persoanelor cu dizabilit\u0103\u021bi, \u201cO Rom\u00e2nie echitabil\u0103\u201d 2022-2027, a fost publicat\u0103 de c\u0103tre GUVERNUL ROM NIEI \u00een MONITORUL OFICIAL cu num\u0103rul nr. 375.<\/p>\n<p>Strategia 2022-2027 are opt domenii prioritare, iar primul domeniu este domeniul nostru, sau mai bine zis capitolul IV, \u201dAccesibilitate\u201d. Persoanele cu dizabilit\u0103\u021bi trebuie s\u0103 aib\u0103 acces fizic, informa\u021bional \u0219i comunica\u021bional la produsele, serviciile \u0219i programele pe care societatea le pune la dispozi\u021bia membrilor s\u0103i. Accesibilitatea reprezint\u0103 baza particip\u0103rii depline a persoanelor cu dizabilit\u0103\u021bi la via\u021ba social\u0103.<\/p>\n<p>Potrivit ministerului Muncii, documentul adoptat urm\u0103re\u015fte stimularea particip\u0103rii active a persoanelor cu dizabilit\u0103\u0163i la via\u0163a \u00een comunitate, cre\u015fterea gradului de con\u015ftientizare asupra nevoilor comunit\u0103\u0163ii, precum \u015fi a vizibilit\u0103\u0163ii \u00een societate, aspecte care s\u0103 conduc\u0103 la \u00eembun\u0103t\u0103\u0163irea calit\u0103\u0163ii vie\u0163ii \u015fi la cre\u015fterea gradului de ocupare \u00een r\u00e2ndul acestor persoane.<\/p>\n<p>Strategia are ca obiectiv asigurarea particip\u0103rii depline \u015fi efective a persoanelor cu dizabilit\u0103\u0163i, bazat\u0103 pe libertatea de decizie, \u00een toate domeniile vie\u0163ii \u015fi \u00eentr-un mediu accesibil \u015fi rezilient.<\/p>\n\t\t\t\t\t\t\t\t<\/div>\n\t\t\t\t<\/div>\n\t\t\t\t\t<\/div>\n\t\t<\/div>\n\t\t\t\t\t<\/div>\n\t\t<\/section>\n\t\t\t\t<\/div>\n\t\t","protected":false},"excerpt":{"rendered":"<p>Deficien\u021ba vederii reprezint\u0103 o povar\u0103 financiar\u0103 global\u0103 enorm\u0103. Costurile globale anuale ale pierderilor de productivitate asociate cu deficien\u021ba vederii din cauza miopiei necorectate \u0219i a prezbiopiei sunt estimate la aproximativ 300 miliarde de USD. Legile privind accesibilizarea produselor \u0219i serviciilor Contextul legal european \u0219i na\u021bional Prin legea nr. 232\/2022, Guvernul Romaniei a aprobat transpunerea \u00een [&hellip;]<\/p>\n","protected":false},"author":1,"featured_media":786,"parent":2628,"menu_order":0,"comment_status":"closed","ping_status":"closed","template":"","meta":{"footnotes":""},"class_list":["post-2664","page","type-page","status-publish","has-post-thumbnail","hentry"],"yoast_head":"<!-- This site is optimized with the Yoast SEO plugin v27.4 - https:\/\/yoast.com\/product\/yoast-seo-wordpress\/ -->\n<title>Impact - Scripor<\/title>\n<meta name=\"robots\" content=\"index, follow, max-snippet:-1, max-image-preview:large, max-video-preview:-1\" \/>\n<link rel=\"canonical\" href=\"https:\/\/scripor.com\/ro\/the-scripor-alphabet\/impact\/\" \/>\n<meta property=\"og:locale\" content=\"ro_RO\" \/>\n<meta property=\"og:type\" content=\"article\" \/>\n<meta property=\"og:title\" content=\"Impact - Scripor\" \/>\n<meta property=\"og:description\" content=\"Deficien\u021ba vederii reprezint\u0103 o povar\u0103 financiar\u0103 global\u0103 enorm\u0103. Costurile globale anuale ale pierderilor de productivitate asociate cu deficien\u021ba vederii din cauza miopiei necorectate \u0219i a prezbiopiei sunt estimate la aproximativ 300 miliarde de USD. Legile privind accesibilizarea produselor \u0219i serviciilor Contextul legal european \u0219i na\u021bional Prin legea nr. 232\/2022, Guvernul Romaniei a aprobat transpunerea \u00een [&hellip;]\" \/>\n<meta property=\"og:url\" content=\"https:\/\/scripor.com\/ro\/the-scripor-alphabet\/impact\/\" \/>\n<meta property=\"og:site_name\" content=\"Scripor\" \/>\n<meta property=\"article:publisher\" content=\"https:\/\/www.facebook.com\/ScriporAlphabet\" \/>\n<meta property=\"article:modified_time\" content=\"2023-05-09T04:46:44+00:00\" \/>\n<meta property=\"og:image\" content=\"https:\/\/scripor.com\/wp-content\/uploads\/2022\/07\/IMG_0126.jpg\" \/>\n\t<meta property=\"og:image:width\" content=\"1920\" \/>\n\t<meta property=\"og:image:height\" content=\"1133\" \/>\n\t<meta property=\"og:image:type\" content=\"image\/jpeg\" \/>\n<meta name=\"twitter:card\" content=\"summary_large_image\" \/>\n<meta name=\"twitter:label1\" content=\"Timp estimat pentru citire\" \/>\n\t<meta name=\"twitter:data1\" content=\"1 minut\" \/>\n<script type=\"application\/ld+json\" class=\"yoast-schema-graph\">{\"@context\":\"https:\\\/\\\/schema.org\",\"@graph\":[{\"@type\":\"WebPage\",\"@id\":\"https:\\\/\\\/scripor.com\\\/ro\\\/the-scripor-alphabet\\\/impact\\\/\",\"url\":\"https:\\\/\\\/scripor.com\\\/ro\\\/the-scripor-alphabet\\\/impact\\\/\",\"name\":\"Impact - Scripor\",\"isPartOf\":{\"@id\":\"https:\\\/\\\/scripor.com\\\/ro\\\/#website\"},\"primaryImageOfPage\":{\"@id\":\"https:\\\/\\\/scripor.com\\\/ro\\\/the-scripor-alphabet\\\/impact\\\/#primaryimage\"},\"image\":{\"@id\":\"https:\\\/\\\/scripor.com\\\/ro\\\/the-scripor-alphabet\\\/impact\\\/#primaryimage\"},\"thumbnailUrl\":\"https:\\\/\\\/scripor.com\\\/wp-content\\\/uploads\\\/2022\\\/07\\\/IMG_0126.jpg\",\"datePublished\":\"2022-12-09T10:07:40+00:00\",\"dateModified\":\"2023-05-09T04:46:44+00:00\",\"breadcrumb\":{\"@id\":\"https:\\\/\\\/scripor.com\\\/ro\\\/the-scripor-alphabet\\\/impact\\\/#breadcrumb\"},\"inLanguage\":\"ro-RO\",\"potentialAction\":[{\"@type\":\"ReadAction\",\"target\":[\"https:\\\/\\\/scripor.com\\\/ro\\\/the-scripor-alphabet\\\/impact\\\/\"]}]},{\"@type\":\"ImageObject\",\"inLanguage\":\"ro-RO\",\"@id\":\"https:\\\/\\\/scripor.com\\\/ro\\\/the-scripor-alphabet\\\/impact\\\/#primaryimage\",\"url\":\"https:\\\/\\\/scripor.com\\\/wp-content\\\/uploads\\\/2022\\\/07\\\/IMG_0126.jpg\",\"contentUrl\":\"https:\\\/\\\/scripor.com\\\/wp-content\\\/uploads\\\/2022\\\/07\\\/IMG_0126.jpg\",\"width\":1920,\"height\":1133},{\"@type\":\"BreadcrumbList\",\"@id\":\"https:\\\/\\\/scripor.com\\\/ro\\\/the-scripor-alphabet\\\/impact\\\/#breadcrumb\",\"itemListElement\":[{\"@type\":\"ListItem\",\"position\":1,\"name\":\"Home\",\"item\":\"https:\\\/\\\/scripor.com\\\/ro\\\/\"},{\"@type\":\"ListItem\",\"position\":2,\"name\":\"Alfabetul Scripor\",\"item\":\"https:\\\/\\\/scripor.com\\\/ro\\\/the-scripor-alphabet\\\/\"},{\"@type\":\"ListItem\",\"position\":3,\"name\":\"Impact\"}]},{\"@type\":\"WebSite\",\"@id\":\"https:\\\/\\\/scripor.com\\\/ro\\\/#website\",\"url\":\"https:\\\/\\\/scripor.com\\\/ro\\\/\",\"name\":\"Scripor\",\"description\":\"Colors for everyone\",\"publisher\":{\"@id\":\"https:\\\/\\\/scripor.com\\\/ro\\\/#organization\"},\"potentialAction\":[{\"@type\":\"SearchAction\",\"target\":{\"@type\":\"EntryPoint\",\"urlTemplate\":\"https:\\\/\\\/scripor.com\\\/ro\\\/?s={search_term_string}\"},\"query-input\":{\"@type\":\"PropertyValueSpecification\",\"valueRequired\":true,\"valueName\":\"search_term_string\"}}],\"inLanguage\":\"ro-RO\"},{\"@type\":\"Organization\",\"@id\":\"https:\\\/\\\/scripor.com\\\/ro\\\/#organization\",\"name\":\"Scripor\",\"url\":\"https:\\\/\\\/scripor.com\\\/ro\\\/\",\"logo\":{\"@type\":\"ImageObject\",\"inLanguage\":\"ro-RO\",\"@id\":\"https:\\\/\\\/scripor.com\\\/ro\\\/#\\\/schema\\\/logo\\\/image\\\/\",\"url\":\"https:\\\/\\\/scripor.com\\\/wp-content\\\/uploads\\\/2022\\\/03\\\/scripor.png\",\"contentUrl\":\"https:\\\/\\\/scripor.com\\\/wp-content\\\/uploads\\\/2022\\\/03\\\/scripor.png\",\"width\":1992,\"height\":2836,\"caption\":\"Scripor\"},\"image\":{\"@id\":\"https:\\\/\\\/scripor.com\\\/ro\\\/#\\\/schema\\\/logo\\\/image\\\/\"},\"sameAs\":[\"https:\\\/\\\/www.facebook.com\\\/ScriporAlphabet\"]}]}<\/script>\n<!-- \/ Yoast SEO plugin. -->","yoast_head_json":{"title":"Impact - Scripor","robots":{"index":"index","follow":"follow","max-snippet":"max-snippet:-1","max-image-preview":"max-image-preview:large","max-video-preview":"max-video-preview:-1"},"canonical":"https:\/\/scripor.com\/ro\/the-scripor-alphabet\/impact\/","og_locale":"ro_RO","og_type":"article","og_title":"Impact - Scripor","og_description":"Deficien\u021ba vederii reprezint\u0103 o povar\u0103 financiar\u0103 global\u0103 enorm\u0103. Costurile globale anuale ale pierderilor de productivitate asociate cu deficien\u021ba vederii din cauza miopiei necorectate \u0219i a prezbiopiei sunt estimate la aproximativ 300 miliarde de USD. Legile privind accesibilizarea produselor \u0219i serviciilor Contextul legal european \u0219i na\u021bional Prin legea nr. 232\/2022, Guvernul Romaniei a aprobat transpunerea \u00een [&hellip;]","og_url":"https:\/\/scripor.com\/ro\/the-scripor-alphabet\/impact\/","og_site_name":"Scripor","article_publisher":"https:\/\/www.facebook.com\/ScriporAlphabet","article_modified_time":"2023-05-09T04:46:44+00:00","og_image":[{"width":1920,"height":1133,"url":"https:\/\/scripor.com\/wp-content\/uploads\/2022\/07\/IMG_0126.jpg","type":"image\/jpeg"}],"twitter_card":"summary_large_image","twitter_misc":{"Timp estimat pentru citire":"1 minut"},"schema":{"@context":"https:\/\/schema.org","@graph":[{"@type":"WebPage","@id":"https:\/\/scripor.com\/ro\/the-scripor-alphabet\/impact\/","url":"https:\/\/scripor.com\/ro\/the-scripor-alphabet\/impact\/","name":"Impact - Scripor","isPartOf":{"@id":"https:\/\/scripor.com\/ro\/#website"},"primaryImageOfPage":{"@id":"https:\/\/scripor.com\/ro\/the-scripor-alphabet\/impact\/#primaryimage"},"image":{"@id":"https:\/\/scripor.com\/ro\/the-scripor-alphabet\/impact\/#primaryimage"},"thumbnailUrl":"https:\/\/scripor.com\/wp-content\/uploads\/2022\/07\/IMG_0126.jpg","datePublished":"2022-12-09T10:07:40+00:00","dateModified":"2023-05-09T04:46:44+00:00","breadcrumb":{"@id":"https:\/\/scripor.com\/ro\/the-scripor-alphabet\/impact\/#breadcrumb"},"inLanguage":"ro-RO","potentialAction":[{"@type":"ReadAction","target":["https:\/\/scripor.com\/ro\/the-scripor-alphabet\/impact\/"]}]},{"@type":"ImageObject","inLanguage":"ro-RO","@id":"https:\/\/scripor.com\/ro\/the-scripor-alphabet\/impact\/#primaryimage","url":"https:\/\/scripor.com\/wp-content\/uploads\/2022\/07\/IMG_0126.jpg","contentUrl":"https:\/\/scripor.com\/wp-content\/uploads\/2022\/07\/IMG_0126.jpg","width":1920,"height":1133},{"@type":"BreadcrumbList","@id":"https:\/\/scripor.com\/ro\/the-scripor-alphabet\/impact\/#breadcrumb","itemListElement":[{"@type":"ListItem","position":1,"name":"Home","item":"https:\/\/scripor.com\/ro\/"},{"@type":"ListItem","position":2,"name":"Alfabetul Scripor","item":"https:\/\/scripor.com\/ro\/the-scripor-alphabet\/"},{"@type":"ListItem","position":3,"name":"Impact"}]},{"@type":"WebSite","@id":"https:\/\/scripor.com\/ro\/#website","url":"https:\/\/scripor.com\/ro\/","name":"Scripor","description":"Colors for everyone","publisher":{"@id":"https:\/\/scripor.com\/ro\/#organization"},"potentialAction":[{"@type":"SearchAction","target":{"@type":"EntryPoint","urlTemplate":"https:\/\/scripor.com\/ro\/?s={search_term_string}"},"query-input":{"@type":"PropertyValueSpecification","valueRequired":true,"valueName":"search_term_string"}}],"inLanguage":"ro-RO"},{"@type":"Organization","@id":"https:\/\/scripor.com\/ro\/#organization","name":"Scripor","url":"https:\/\/scripor.com\/ro\/","logo":{"@type":"ImageObject","inLanguage":"ro-RO","@id":"https:\/\/scripor.com\/ro\/#\/schema\/logo\/image\/","url":"https:\/\/scripor.com\/wp-content\/uploads\/2022\/03\/scripor.png","contentUrl":"https:\/\/scripor.com\/wp-content\/uploads\/2022\/03\/scripor.png","width":1992,"height":2836,"caption":"Scripor"},"image":{"@id":"https:\/\/scripor.com\/ro\/#\/schema\/logo\/image\/"},"sameAs":["https:\/\/www.facebook.com\/ScriporAlphabet"]}]}},"_links":{"self":[{"href":"https:\/\/scripor.com\/ro\/wp-json\/wp\/v2\/pages\/2664","targetHints":{"allow":["GET"]}}],"collection":[{"href":"https:\/\/scripor.com\/ro\/wp-json\/wp\/v2\/pages"}],"about":[{"href":"https:\/\/scripor.com\/ro\/wp-json\/wp\/v2\/types\/page"}],"author":[{"embeddable":true,"href":"https:\/\/scripor.com\/ro\/wp-json\/wp\/v2\/users\/1"}],"replies":[{"embeddable":true,"href":"https:\/\/scripor.com\/ro\/wp-json\/wp\/v2\/comments?post=2664"}],"version-history":[{"count":1,"href":"https:\/\/scripor.com\/ro\/wp-json\/wp\/v2\/pages\/2664\/revisions"}],"predecessor-version":[{"id":2665,"href":"https:\/\/scripor.com\/ro\/wp-json\/wp\/v2\/pages\/2664\/revisions\/2665"}],"up":[{"embeddable":true,"href":"https:\/\/scripor.com\/ro\/wp-json\/wp\/v2\/pages\/2628"}],"wp:featuredmedia":[{"embeddable":true,"href":"https:\/\/scripor.com\/ro\/wp-json\/wp\/v2\/media\/786"}],"wp:attachment":[{"href":"https:\/\/scripor.com\/ro\/wp-json\/wp\/v2\/media?parent=2664"}],"curies":[{"name":"wp","href":"https:\/\/api.w.org\/{rel}","templated":true}]}}