{"id":2666,"date":"2022-12-09T10:08:15","date_gmt":"2022-12-09T10:08:15","guid":{"rendered":"https:\/\/scripor.com\/the-scripor-alphabet\/intellectual-property\/"},"modified":"2023-05-09T04:47:26","modified_gmt":"2023-05-09T04:47:26","slug":"intellectual-property","status":"publish","type":"page","link":"https:\/\/scripor.com\/ro\/the-scripor-alphabet\/intellectual-property\/","title":{"rendered":"Intellectual property"},"content":{"rendered":"\t\t<div data-elementor-type=\"wp-page\" data-elementor-id=\"2666\" class=\"elementor elementor-2666 elementor-1513\" data-elementor-post-type=\"page\">\n\t\t\t\t\t\t<section class=\"elementor-section elementor-top-section elementor-element elementor-element-1613d6d elementor-section-boxed elementor-section-height-default elementor-section-height-default\" data-id=\"1613d6d\" data-element_type=\"section\" data-e-type=\"section\" data-settings=\"{&quot;jet_parallax_layout_list&quot;:[]}\">\n\t\t\t\t\t\t<div class=\"elementor-container elementor-column-gap-default\">\n\t\t\t\t\t<div class=\"elementor-column elementor-col-100 elementor-top-column elementor-element elementor-element-9264347\" data-id=\"9264347\" data-element_type=\"column\" data-e-type=\"column\">\n\t\t\t<div class=\"elementor-widget-wrap elementor-element-populated\">\n\t\t\t\t\t\t<div class=\"elementor-element elementor-element-0b8dbf9 elementor-widget elementor-widget-text-editor\" data-id=\"0b8dbf9\" data-element_type=\"widget\" data-e-type=\"widget\" data-widget_type=\"text-editor.default\">\n\t\t\t\t<div class=\"elementor-widget-container\">\n\t\t\t\t\t\t\t\t\t<p>Pentru a face codul accesibil \u0219i disponibil, acesta a fost brevetat, promovat \u0219i implementat.<\/p>\n<p>Din punctul de vedere al propriet\u0103\u021bii intelectuale, Alfabetul Scripor este protejat interna\u021bional printr-o multitudine de brevete \u0219i m\u0103rci \u00eenregistrate. Toate acestea sunt de\u021binute de Scripor Alphabet SRL, care, la r\u00e2ndul ei le cedeaz\u0103 c\u0103tre alte entit\u0103\u021bi, care, doresc s\u0103 includ\u0103 alfabetul tactil al culorilor \u00een componen\u021ba produselor lor.<\/p>\n<p>Proprietatea intelectual\u0103 ne garanteaz\u0103 faptul c\u0103 sistemul de codare Scripor este impementat \u00een mod corect, uniform, standardizat, de c\u0103tre companiile produc\u0103toare.<\/p>\n<p>Acest fapt, ne va permite \u00een viitor generarea de locuri de munc\u0103 \u0219i venituri \u00een scopul sus\u021binerii inova\u021biei \u00een domeniile men\u021bionate, precum \u0219i implementarea ini\u021biativelor, gratuit, sau prin costuri c\u00e2t mai reduse pentru nev\u0103z\u0103tori, tot \u00een scopul sus\u021binerii acestora.<\/p>\n<p>O parte consistent\u0103 din plus valoare se \u00eentoarce \u00een comunitate sub forma unor dona\u021bii din partea noastr\u0103 const\u00e2nd \u00een echipamente \u0219i materiale educa\u021bionale c\u0103tre \u0219coli, universit\u0103ti, asocia\u021bii de nev\u0103z\u0103tori partenere, etc, pentru cre\u0219terea gradului de con\u0219tientizare, popularitate \u0219i utilizare a instrumentelor de accesibilizare reunite sub cupola Alfabetului Scripor.<\/p>\n\t\t\t\t\t\t\t\t<\/div>\n\t\t\t\t<\/div>\n\t\t\t\t\t<\/div>\n\t\t<\/div>\n\t\t\t\t\t<\/div>\n\t\t<\/section>\n\t\t\t\t<\/div>\n\t\t","protected":false},"excerpt":{"rendered":"<p>Pentru a face codul accesibil \u0219i disponibil, acesta a fost brevetat, promovat \u0219i implementat. Din punctul de vedere al propriet\u0103\u021bii intelectuale, Alfabetul Scripor este protejat interna\u021bional printr-o multitudine de brevete \u0219i m\u0103rci \u00eenregistrate. Toate acestea sunt de\u021binute de Scripor Alphabet SRL, care, la r\u00e2ndul ei le cedeaz\u0103 c\u0103tre alte entit\u0103\u021bi, care, doresc s\u0103 includ\u0103 alfabetul [&hellip;]<\/p>\n","protected":false},"author":1,"featured_media":1016,"parent":2628,"menu_order":0,"comment_status":"closed","ping_status":"closed","template":"","meta":{"footnotes":""},"class_list":["post-2666","page","type-page","status-publish","has-post-thumbnail","hentry"],"yoast_head":"<!-- This site is optimized with the Yoast SEO plugin v27.4 - https:\/\/yoast.com\/product\/yoast-seo-wordpress\/ -->\n<title>Intellectual property - Scripor<\/title>\n<meta name=\"robots\" content=\"index, follow, max-snippet:-1, max-image-preview:large, max-video-preview:-1\" \/>\n<link rel=\"canonical\" href=\"https:\/\/scripor.com\/ro\/the-scripor-alphabet\/intellectual-property\/\" \/>\n<meta property=\"og:locale\" content=\"ro_RO\" \/>\n<meta property=\"og:type\" content=\"article\" \/>\n<meta property=\"og:title\" content=\"Intellectual property - Scripor\" \/>\n<meta property=\"og:description\" content=\"Pentru a face codul accesibil \u0219i disponibil, acesta a fost brevetat, promovat \u0219i implementat. Din punctul de vedere al propriet\u0103\u021bii intelectuale, Alfabetul Scripor este protejat interna\u021bional printr-o multitudine de brevete \u0219i m\u0103rci \u00eenregistrate. Toate acestea sunt de\u021binute de Scripor Alphabet SRL, care, la r\u00e2ndul ei le cedeaz\u0103 c\u0103tre alte entit\u0103\u021bi, care, doresc s\u0103 includ\u0103 alfabetul [&hellip;]\" \/>\n<meta property=\"og:url\" content=\"https:\/\/scripor.com\/ro\/the-scripor-alphabet\/intellectual-property\/\" \/>\n<meta property=\"og:site_name\" content=\"Scripor\" \/>\n<meta property=\"article:publisher\" content=\"https:\/\/www.facebook.com\/ScriporAlphabet\" \/>\n<meta property=\"article:modified_time\" content=\"2023-05-09T04:47:26+00:00\" \/>\n<meta property=\"og:image\" content=\"https:\/\/scripor.com\/wp-content\/uploads\/2022\/07\/1_0_0_1651738528_06565.jpg\" \/>\n\t<meta property=\"og:image:width\" content=\"1920\" \/>\n\t<meta property=\"og:image:height\" content=\"1080\" \/>\n\t<meta property=\"og:image:type\" content=\"image\/jpeg\" \/>\n<meta name=\"twitter:card\" content=\"summary_large_image\" \/>\n<meta name=\"twitter:label1\" content=\"Timp estimat pentru citire\" \/>\n\t<meta name=\"twitter:data1\" content=\"1 minut\" \/>\n<script type=\"application\/ld+json\" class=\"yoast-schema-graph\">{\"@context\":\"https:\\\/\\\/schema.org\",\"@graph\":[{\"@type\":\"WebPage\",\"@id\":\"https:\\\/\\\/scripor.com\\\/ro\\\/the-scripor-alphabet\\\/intellectual-property\\\/\",\"url\":\"https:\\\/\\\/scripor.com\\\/ro\\\/the-scripor-alphabet\\\/intellectual-property\\\/\",\"name\":\"Intellectual property - Scripor\",\"isPartOf\":{\"@id\":\"https:\\\/\\\/scripor.com\\\/ro\\\/#website\"},\"primaryImageOfPage\":{\"@id\":\"https:\\\/\\\/scripor.com\\\/ro\\\/the-scripor-alphabet\\\/intellectual-property\\\/#primaryimage\"},\"image\":{\"@id\":\"https:\\\/\\\/scripor.com\\\/ro\\\/the-scripor-alphabet\\\/intellectual-property\\\/#primaryimage\"},\"thumbnailUrl\":\"https:\\\/\\\/scripor.com\\\/wp-content\\\/uploads\\\/2022\\\/07\\\/1_0_0_1651738528_06565.jpg\",\"datePublished\":\"2022-12-09T10:08:15+00:00\",\"dateModified\":\"2023-05-09T04:47:26+00:00\",\"breadcrumb\":{\"@id\":\"https:\\\/\\\/scripor.com\\\/ro\\\/the-scripor-alphabet\\\/intellectual-property\\\/#breadcrumb\"},\"inLanguage\":\"ro-RO\",\"potentialAction\":[{\"@type\":\"ReadAction\",\"target\":[\"https:\\\/\\\/scripor.com\\\/ro\\\/the-scripor-alphabet\\\/intellectual-property\\\/\"]}]},{\"@type\":\"ImageObject\",\"inLanguage\":\"ro-RO\",\"@id\":\"https:\\\/\\\/scripor.com\\\/ro\\\/the-scripor-alphabet\\\/intellectual-property\\\/#primaryimage\",\"url\":\"https:\\\/\\\/scripor.com\\\/wp-content\\\/uploads\\\/2022\\\/07\\\/1_0_0_1651738528_06565.jpg\",\"contentUrl\":\"https:\\\/\\\/scripor.com\\\/wp-content\\\/uploads\\\/2022\\\/07\\\/1_0_0_1651738528_06565.jpg\",\"width\":1920,\"height\":1080},{\"@type\":\"BreadcrumbList\",\"@id\":\"https:\\\/\\\/scripor.com\\\/ro\\\/the-scripor-alphabet\\\/intellectual-property\\\/#breadcrumb\",\"itemListElement\":[{\"@type\":\"ListItem\",\"position\":1,\"name\":\"Home\",\"item\":\"https:\\\/\\\/scripor.com\\\/ro\\\/\"},{\"@type\":\"ListItem\",\"position\":2,\"name\":\"Alfabetul Scripor\",\"item\":\"https:\\\/\\\/scripor.com\\\/ro\\\/the-scripor-alphabet\\\/\"},{\"@type\":\"ListItem\",\"position\":3,\"name\":\"Intellectual property\"}]},{\"@type\":\"WebSite\",\"@id\":\"https:\\\/\\\/scripor.com\\\/ro\\\/#website\",\"url\":\"https:\\\/\\\/scripor.com\\\/ro\\\/\",\"name\":\"Scripor\",\"description\":\"Colors for everyone\",\"publisher\":{\"@id\":\"https:\\\/\\\/scripor.com\\\/ro\\\/#organization\"},\"potentialAction\":[{\"@type\":\"SearchAction\",\"target\":{\"@type\":\"EntryPoint\",\"urlTemplate\":\"https:\\\/\\\/scripor.com\\\/ro\\\/?s={search_term_string}\"},\"query-input\":{\"@type\":\"PropertyValueSpecification\",\"valueRequired\":true,\"valueName\":\"search_term_string\"}}],\"inLanguage\":\"ro-RO\"},{\"@type\":\"Organization\",\"@id\":\"https:\\\/\\\/scripor.com\\\/ro\\\/#organization\",\"name\":\"Scripor\",\"url\":\"https:\\\/\\\/scripor.com\\\/ro\\\/\",\"logo\":{\"@type\":\"ImageObject\",\"inLanguage\":\"ro-RO\",\"@id\":\"https:\\\/\\\/scripor.com\\\/ro\\\/#\\\/schema\\\/logo\\\/image\\\/\",\"url\":\"https:\\\/\\\/scripor.com\\\/wp-content\\\/uploads\\\/2022\\\/03\\\/scripor.png\",\"contentUrl\":\"https:\\\/\\\/scripor.com\\\/wp-content\\\/uploads\\\/2022\\\/03\\\/scripor.png\",\"width\":1992,\"height\":2836,\"caption\":\"Scripor\"},\"image\":{\"@id\":\"https:\\\/\\\/scripor.com\\\/ro\\\/#\\\/schema\\\/logo\\\/image\\\/\"},\"sameAs\":[\"https:\\\/\\\/www.facebook.com\\\/ScriporAlphabet\"]}]}<\/script>\n<!-- \/ Yoast SEO plugin. -->","yoast_head_json":{"title":"Intellectual property - Scripor","robots":{"index":"index","follow":"follow","max-snippet":"max-snippet:-1","max-image-preview":"max-image-preview:large","max-video-preview":"max-video-preview:-1"},"canonical":"https:\/\/scripor.com\/ro\/the-scripor-alphabet\/intellectual-property\/","og_locale":"ro_RO","og_type":"article","og_title":"Intellectual property - Scripor","og_description":"Pentru a face codul accesibil \u0219i disponibil, acesta a fost brevetat, promovat \u0219i implementat. Din punctul de vedere al propriet\u0103\u021bii intelectuale, Alfabetul Scripor este protejat interna\u021bional printr-o multitudine de brevete \u0219i m\u0103rci \u00eenregistrate. Toate acestea sunt de\u021binute de Scripor Alphabet SRL, care, la r\u00e2ndul ei le cedeaz\u0103 c\u0103tre alte entit\u0103\u021bi, care, doresc s\u0103 includ\u0103 alfabetul [&hellip;]","og_url":"https:\/\/scripor.com\/ro\/the-scripor-alphabet\/intellectual-property\/","og_site_name":"Scripor","article_publisher":"https:\/\/www.facebook.com\/ScriporAlphabet","article_modified_time":"2023-05-09T04:47:26+00:00","og_image":[{"width":1920,"height":1080,"url":"https:\/\/scripor.com\/wp-content\/uploads\/2022\/07\/1_0_0_1651738528_06565.jpg","type":"image\/jpeg"}],"twitter_card":"summary_large_image","twitter_misc":{"Timp estimat pentru citire":"1 minut"},"schema":{"@context":"https:\/\/schema.org","@graph":[{"@type":"WebPage","@id":"https:\/\/scripor.com\/ro\/the-scripor-alphabet\/intellectual-property\/","url":"https:\/\/scripor.com\/ro\/the-scripor-alphabet\/intellectual-property\/","name":"Intellectual property - Scripor","isPartOf":{"@id":"https:\/\/scripor.com\/ro\/#website"},"primaryImageOfPage":{"@id":"https:\/\/scripor.com\/ro\/the-scripor-alphabet\/intellectual-property\/#primaryimage"},"image":{"@id":"https:\/\/scripor.com\/ro\/the-scripor-alphabet\/intellectual-property\/#primaryimage"},"thumbnailUrl":"https:\/\/scripor.com\/wp-content\/uploads\/2022\/07\/1_0_0_1651738528_06565.jpg","datePublished":"2022-12-09T10:08:15+00:00","dateModified":"2023-05-09T04:47:26+00:00","breadcrumb":{"@id":"https:\/\/scripor.com\/ro\/the-scripor-alphabet\/intellectual-property\/#breadcrumb"},"inLanguage":"ro-RO","potentialAction":[{"@type":"ReadAction","target":["https:\/\/scripor.com\/ro\/the-scripor-alphabet\/intellectual-property\/"]}]},{"@type":"ImageObject","inLanguage":"ro-RO","@id":"https:\/\/scripor.com\/ro\/the-scripor-alphabet\/intellectual-property\/#primaryimage","url":"https:\/\/scripor.com\/wp-content\/uploads\/2022\/07\/1_0_0_1651738528_06565.jpg","contentUrl":"https:\/\/scripor.com\/wp-content\/uploads\/2022\/07\/1_0_0_1651738528_06565.jpg","width":1920,"height":1080},{"@type":"BreadcrumbList","@id":"https:\/\/scripor.com\/ro\/the-scripor-alphabet\/intellectual-property\/#breadcrumb","itemListElement":[{"@type":"ListItem","position":1,"name":"Home","item":"https:\/\/scripor.com\/ro\/"},{"@type":"ListItem","position":2,"name":"Alfabetul Scripor","item":"https:\/\/scripor.com\/ro\/the-scripor-alphabet\/"},{"@type":"ListItem","position":3,"name":"Intellectual property"}]},{"@type":"WebSite","@id":"https:\/\/scripor.com\/ro\/#website","url":"https:\/\/scripor.com\/ro\/","name":"Scripor","description":"Colors for everyone","publisher":{"@id":"https:\/\/scripor.com\/ro\/#organization"},"potentialAction":[{"@type":"SearchAction","target":{"@type":"EntryPoint","urlTemplate":"https:\/\/scripor.com\/ro\/?s={search_term_string}"},"query-input":{"@type":"PropertyValueSpecification","valueRequired":true,"valueName":"search_term_string"}}],"inLanguage":"ro-RO"},{"@type":"Organization","@id":"https:\/\/scripor.com\/ro\/#organization","name":"Scripor","url":"https:\/\/scripor.com\/ro\/","logo":{"@type":"ImageObject","inLanguage":"ro-RO","@id":"https:\/\/scripor.com\/ro\/#\/schema\/logo\/image\/","url":"https:\/\/scripor.com\/wp-content\/uploads\/2022\/03\/scripor.png","contentUrl":"https:\/\/scripor.com\/wp-content\/uploads\/2022\/03\/scripor.png","width":1992,"height":2836,"caption":"Scripor"},"image":{"@id":"https:\/\/scripor.com\/ro\/#\/schema\/logo\/image\/"},"sameAs":["https:\/\/www.facebook.com\/ScriporAlphabet"]}]}},"_links":{"self":[{"href":"https:\/\/scripor.com\/ro\/wp-json\/wp\/v2\/pages\/2666","targetHints":{"allow":["GET"]}}],"collection":[{"href":"https:\/\/scripor.com\/ro\/wp-json\/wp\/v2\/pages"}],"about":[{"href":"https:\/\/scripor.com\/ro\/wp-json\/wp\/v2\/types\/page"}],"author":[{"embeddable":true,"href":"https:\/\/scripor.com\/ro\/wp-json\/wp\/v2\/users\/1"}],"replies":[{"embeddable":true,"href":"https:\/\/scripor.com\/ro\/wp-json\/wp\/v2\/comments?post=2666"}],"version-history":[{"count":1,"href":"https:\/\/scripor.com\/ro\/wp-json\/wp\/v2\/pages\/2666\/revisions"}],"predecessor-version":[{"id":2667,"href":"https:\/\/scripor.com\/ro\/wp-json\/wp\/v2\/pages\/2666\/revisions\/2667"}],"up":[{"embeddable":true,"href":"https:\/\/scripor.com\/ro\/wp-json\/wp\/v2\/pages\/2628"}],"wp:featuredmedia":[{"embeddable":true,"href":"https:\/\/scripor.com\/ro\/wp-json\/wp\/v2\/media\/1016"}],"wp:attachment":[{"href":"https:\/\/scripor.com\/ro\/wp-json\/wp\/v2\/media?parent=2666"}],"curies":[{"name":"wp","href":"https:\/\/api.w.org\/{rel}","templated":true}]}}